{"id":2,"date":"2022-04-27T10:04:36","date_gmt":"2022-04-27T10:04:36","guid":{"rendered":"http:\/\/localhost\/wordpress\/?page_id=2"},"modified":"2024-04-18T14:18:01","modified_gmt":"2024-04-18T14:18:01","slug":"sample-page","status":"publish","type":"page","link":"https:\/\/www.velkoprevorskypalac.eu\/?page_id=2","title":{"rendered":"Kontakty"},"content":{"rendered":"\n<p class=\"has-text-align-center\"><strong>MgA. Lenka Hellerov\u00e1<\/strong><br>Suver\u00e9nn\u00ed \u0159\u00e1d Malt\u00e9zsk\u00fdch ryt\u00ed\u0159\u016f &#8211; \u010cesk\u00e9 velkop\u0159evorstv\u00ed<br>Velkop\u0159evorsk\u00e9 n\u00e1m. 4 (vchod z&nbsp;L\u00e1ze\u0148sk\u00e9 2)<br>118 00 Praha 1<\/p>\n\n\n\n<p class=\"has-text-align-center\">gpb @ smom . cz<\/p>\n\n\n\n<p class=\"has-text-align-center\">Mobil: + 420 736 642 502<br>Tel: +420 257 530 824<\/p>\n\n\n\n<p class=\"has-text-align-center\"><a href=\"http:\/\/www.maltezskyrad.cz\" target=\"_blank\" rel=\"noreferrer noopener\">www.maltezskyrad.cz<\/a><\/p>\n\n\n\n<p class=\"has-text-align-center\"><a href=\"http:\/\/www.orderofmalta.int\" target=\"_blank\" rel=\"noreferrer noopener\">www.orderofmalta.int<\/a><\/p>\n","protected":false},"excerpt":{"rendered":"<p>MgA. Lenka Hellerov\u00e1Suver\u00e9nn\u00ed \u0159\u00e1d Malt\u00e9zsk\u00fdch ryt\u00ed\u0159\u016f &#8211; \u010cesk\u00e9 velkop\u0159evorstv\u00edVelkop\u0159evorsk\u00e9 n\u00e1m. 4 (vchod z&nbsp;L\u00e1ze\u0148sk\u00e9 2)118 00 Praha 1 gpb @ smom . cz Mobil: + 420 736 642 502Tel: +420 257 530 824 www.maltezskyrad.cz www.orderofmalta.int<\/p>\n","protected":false},"author":1,"featured_media":0,"parent":0,"menu_order":0,"comment_status":"closed","ping_status":"open","template":"","meta":{"footnotes":""},"class_list":["post-2","page","type-page","status-publish","hentry"],"_links":{"self":[{"href":"https:\/\/www.velkoprevorskypalac.eu\/index.php?rest_route=\/wp\/v2\/pages\/2","targetHints":{"allow":["GET"]}}],"collection":[{"href":"https:\/\/www.velkoprevorskypalac.eu\/index.php?rest_route=\/wp\/v2\/pages"}],"about":[{"href":"https:\/\/www.velkoprevorskypalac.eu\/index.php?rest_route=\/wp\/v2\/types\/page"}],"author":[{"embeddable":true,"href":"https:\/\/www.velkoprevorskypalac.eu\/index.php?rest_route=\/wp\/v2\/users\/1"}],"replies":[{"embeddable":true,"href":"https:\/\/www.velkoprevorskypalac.eu\/index.php?rest_route=%2Fwp%2Fv2%2Fcomments&post=2"}],"version-history":[{"count":5,"href":"https:\/\/www.velkoprevorskypalac.eu\/index.php?rest_route=\/wp\/v2\/pages\/2\/revisions"}],"predecessor-version":[{"id":568,"href":"https:\/\/www.velkoprevorskypalac.eu\/index.php?rest_route=\/wp\/v2\/pages\/2\/revisions\/568"}],"wp:attachment":[{"href":"https:\/\/www.velkoprevorskypalac.eu\/index.php?rest_route=%2Fwp%2Fv2%2Fmedia&parent=2"}],"curies":[{"name":"wp","href":"https:\/\/api.w.org\/{rel}","templated":true}]}}